{"id":5832,"date":"2019-02-09T21:37:59","date_gmt":"2019-02-09T20:37:59","guid":{"rendered":"http:\/\/loiseaumoqueur.com\/?page_id=5832"},"modified":"2019-02-09T21:37:59","modified_gmt":"2019-02-09T20:37:59","slug":"glossaire-juridique-anglais-francais","status":"publish","type":"page","link":"http:\/\/loiseaumoqueur.com\/?page_id=5832","title":{"rendered":"Glossaire juridique anglais-fran\u00e7ais"},"content":{"rendered":"<a name='name_directory_position2'><\/a><div class=\"name_directory_index\"><a class=\"name_directory_startswith\" href=\"http:\/\/loiseaumoqueur.com\/?page_id=5832&rest_route=%2Fwp%2Fv2%2Fpages%2F5832&dir=2&name_directory_startswith=#name_directory_position2\">Tous<\/a> | <a class=\"name_directory_startswith  name_directory_empty\" href=\"http:\/\/loiseaumoqueur.com\/?page_id=5832&rest_route=%2Fwp%2Fv2%2Fpages%2F5832&dir=2&name_directory_startswith=%23#name_directory_position2\">#<\/a>  <a class=\"name_directory_startswith \" href=\"http:\/\/loiseaumoqueur.com\/?page_id=5832&rest_route=%2Fwp%2Fv2%2Fpages%2F5832&dir=2&name_directory_startswith=A#name_directory_position2\">A<\/a>  <a class=\"name_directory_startswith \" href=\"http:\/\/loiseaumoqueur.com\/?page_id=5832&rest_route=%2Fwp%2Fv2%2Fpages%2F5832&dir=2&name_directory_startswith=B#name_directory_position2\">B<\/a>  <a class=\"name_directory_startswith \" href=\"http:\/\/loiseaumoqueur.com\/?page_id=5832&rest_route=%2Fwp%2Fv2%2Fpages%2F5832&dir=2&name_directory_startswith=C#name_directory_position2\">C<\/a>  <a class=\"name_directory_startswith \" href=\"http:\/\/loiseaumoqueur.com\/?page_id=5832&rest_route=%2Fwp%2Fv2%2Fpages%2F5832&dir=2&name_directory_startswith=D#name_directory_position2\">D<\/a>  <a class=\"name_directory_startswith \" href=\"http:\/\/loiseaumoqueur.com\/?page_id=5832&rest_route=%2Fwp%2Fv2%2Fpages%2F5832&dir=2&name_directory_startswith=E#name_directory_position2\">E<\/a>  <a class=\"name_directory_startswith \" href=\"http:\/\/loiseaumoqueur.com\/?page_id=5832&rest_route=%2Fwp%2Fv2%2Fpages%2F5832&dir=2&name_directory_startswith=F#name_directory_position2\">F<\/a>  <a class=\"name_directory_startswith \" href=\"http:\/\/loiseaumoqueur.com\/?page_id=5832&rest_route=%2Fwp%2Fv2%2Fpages%2F5832&dir=2&name_directory_startswith=G#name_directory_position2\">G<\/a>  <a class=\"name_directory_startswith \" href=\"http:\/\/loiseaumoqueur.com\/?page_id=5832&rest_route=%2Fwp%2Fv2%2Fpages%2F5832&dir=2&name_directory_startswith=H#name_directory_position2\">H<\/a>  <a class=\"name_directory_startswith \" href=\"http:\/\/loiseaumoqueur.com\/?page_id=5832&rest_route=%2Fwp%2Fv2%2Fpages%2F5832&dir=2&name_directory_startswith=I#name_directory_position2\">I<\/a>  <a class=\"name_directory_startswith \" href=\"http:\/\/loiseaumoqueur.com\/?page_id=5832&rest_route=%2Fwp%2Fv2%2Fpages%2F5832&dir=2&name_directory_startswith=J#name_directory_position2\">J<\/a>  <a class=\"name_directory_startswith  name_directory_empty\" href=\"http:\/\/loiseaumoqueur.com\/?page_id=5832&rest_route=%2Fwp%2Fv2%2Fpages%2F5832&dir=2&name_directory_startswith=K#name_directory_position2\">K<\/a>  <a class=\"name_directory_startswith \" href=\"http:\/\/loiseaumoqueur.com\/?page_id=5832&rest_route=%2Fwp%2Fv2%2Fpages%2F5832&dir=2&name_directory_startswith=L#name_directory_position2\">L<\/a>  <a class=\"name_directory_startswith \" href=\"http:\/\/loiseaumoqueur.com\/?page_id=5832&rest_route=%2Fwp%2Fv2%2Fpages%2F5832&dir=2&name_directory_startswith=M#name_directory_position2\">M<\/a>  <a class=\"name_directory_startswith  name_directory_empty\" href=\"http:\/\/loiseaumoqueur.com\/?page_id=5832&rest_route=%2Fwp%2Fv2%2Fpages%2F5832&dir=2&name_directory_startswith=N#name_directory_position2\">N<\/a>  <a class=\"name_directory_startswith \" href=\"http:\/\/loiseaumoqueur.com\/?page_id=5832&rest_route=%2Fwp%2Fv2%2Fpages%2F5832&dir=2&name_directory_startswith=O#name_directory_position2\">O<\/a>  <a class=\"name_directory_startswith \" href=\"http:\/\/loiseaumoqueur.com\/?page_id=5832&rest_route=%2Fwp%2Fv2%2Fpages%2F5832&dir=2&name_directory_startswith=P#name_directory_position2\">P<\/a>  <a class=\"name_directory_startswith  name_directory_empty\" href=\"http:\/\/loiseaumoqueur.com\/?page_id=5832&rest_route=%2Fwp%2Fv2%2Fpages%2F5832&dir=2&name_directory_startswith=Q#name_directory_position2\">Q<\/a>  <a class=\"name_directory_startswith \" href=\"http:\/\/loiseaumoqueur.com\/?page_id=5832&rest_route=%2Fwp%2Fv2%2Fpages%2F5832&dir=2&name_directory_startswith=R#name_directory_position2\">R<\/a>  <a class=\"name_directory_startswith \" href=\"http:\/\/loiseaumoqueur.com\/?page_id=5832&rest_route=%2Fwp%2Fv2%2Fpages%2F5832&dir=2&name_directory_startswith=S#name_directory_position2\">S<\/a>  <a class=\"name_directory_startswith \" href=\"http:\/\/loiseaumoqueur.com\/?page_id=5832&rest_route=%2Fwp%2Fv2%2Fpages%2F5832&dir=2&name_directory_startswith=T#name_directory_position2\">T<\/a>  <a class=\"name_directory_startswith  name_directory_empty\" href=\"http:\/\/loiseaumoqueur.com\/?page_id=5832&rest_route=%2Fwp%2Fv2%2Fpages%2F5832&dir=2&name_directory_startswith=U#name_directory_position2\">U<\/a>  <a class=\"name_directory_startswith \" href=\"http:\/\/loiseaumoqueur.com\/?page_id=5832&rest_route=%2Fwp%2Fv2%2Fpages%2F5832&dir=2&name_directory_startswith=V#name_directory_position2\">V<\/a>  <a class=\"name_directory_startswith \" href=\"http:\/\/loiseaumoqueur.com\/?page_id=5832&rest_route=%2Fwp%2Fv2%2Fpages%2F5832&dir=2&name_directory_startswith=W#name_directory_position2\">W<\/a>  <a class=\"name_directory_startswith  name_directory_empty\" href=\"http:\/\/loiseaumoqueur.com\/?page_id=5832&rest_route=%2Fwp%2Fv2%2Fpages%2F5832&dir=2&name_directory_startswith=X#name_directory_position2\">X<\/a>  <a class=\"name_directory_startswith  name_directory_empty\" href=\"http:\/\/loiseaumoqueur.com\/?page_id=5832&rest_route=%2Fwp%2Fv2%2Fpages%2F5832&dir=2&name_directory_startswith=Y#name_directory_position2\">Y<\/a>  <a class=\"name_directory_startswith  name_directory_empty\" href=\"http:\/\/loiseaumoqueur.com\/?page_id=5832&rest_route=%2Fwp%2Fv2%2Fpages%2F5832&dir=2&name_directory_startswith=Z#name_directory_position2\">Z<\/a> <\/div><div class=\"name_directory_total\">Il y a actuellement 111 noms dans ce r\u00e9pertoire<\/div><div class=\"name_directory_names\"><div class=\"name_directory_column name_directory_nr1\"><div class=\"name_directory_name_box\"><a name=\"namedirectory_abduction\"><\/a><strong>abduction<\/strong><br \/><div>enl\u00e8vement<\/div><\/div><hr \/><div class=\"name_directory_name_box\"><a name=\"namedirectory_abortion\"><\/a><strong>abortion<\/strong><br \/><div>avortement<\/div><\/div><hr \/><div class=\"name_directory_name_box\"><a name=\"namedirectory_accomplice\"><\/a><strong>accomplice<\/strong><br \/><div>complice<\/div><\/div><hr \/><div class=\"name_directory_name_box\"><a name=\"namedirectory_acknowledgement\"><\/a><strong>acknowledgement<\/strong><br \/><div>accus\u00e9 de r\u00e9ception<\/div><\/div><hr \/><div class=\"name_directory_name_box\"><a name=\"namedirectory_aidandabetto\"><\/a><strong>aid and abet (to)<\/strong><br \/><div>\u00eatre complice de<\/div><\/div><hr \/><div class=\"name_directory_name_box\"><a name=\"namedirectory_aidingandabetting\"><\/a><strong>aiding and abetting<\/strong><br \/><div>complicit\u00e9<\/div><\/div><hr \/><div class=\"name_directory_name_box\"><a name=\"namedirectory_allowance\"><\/a><strong>allowance<\/strong><br \/><div>allocation<\/div><\/div><hr \/><div class=\"name_directory_name_box\"><a name=\"namedirectory_appeal\"><\/a><strong>appeal<\/strong><br \/><div>appel<\/div><\/div><hr \/><div class=\"name_directory_name_box\"><a name=\"namedirectory_appearbeforeto\"><\/a><strong>appear before (to)<\/strong><br \/><div>compara\u00eetre devant<\/div><\/div><hr \/><div class=\"name_directory_name_box\"><a name=\"namedirectory_application\"><\/a><strong>application<\/strong><br \/><div>demande<\/div><\/div><hr \/><div class=\"name_directory_name_box\"><a name=\"namedirectory_armedattack\"><\/a><strong>armed attack<\/strong><br \/><div>attaque \u00e0 main arm\u00e9e<\/div><\/div><hr \/><div class=\"name_directory_name_box\"><a name=\"namedirectory_arrest\"><\/a><strong>arrest<\/strong><br \/><div>arrestation<\/div><\/div><hr \/><div class=\"name_directory_name_box\"><a name=\"namedirectory_arrestwarrant\"><\/a><strong>arrest warrant<\/strong><br \/><div>mandat d'arr\u00eat<\/div><\/div><hr \/><div class=\"name_directory_name_box\"><a name=\"namedirectory_arson\"><\/a><strong>arson<\/strong><br \/><div>incendie criminel<\/div><\/div><hr \/><div class=\"name_directory_name_box\"><a name=\"namedirectory_assault\"><\/a><strong>assault<\/strong><br \/><div>agression<\/div><\/div><hr \/><div class=\"name_directory_name_box\"><a name=\"namedirectory_attempt\"><\/a><strong>attempt<\/strong><br \/><div>tentative<\/div><\/div><hr \/><div class=\"name_directory_name_box\"><a name=\"namedirectory_attemptedmurder\"><\/a><strong>attempted murder<\/strong><br \/><div>tentative de meurtre<\/div><\/div><hr \/><div class=\"name_directory_name_box\"><a name=\"namedirectory_attorney\"><\/a><strong>attorney<\/strong><br \/><div>avocat<\/div><\/div><hr \/><div class=\"name_directory_name_box\"><a name=\"namedirectory_bail\"><\/a><strong>bail<\/strong><br \/><div>caution<\/div><\/div><hr \/><div class=\"name_directory_name_box\"><a name=\"namedirectory_ban\"><\/a><strong>ban<\/strong><br \/><div>interdiction<\/div><\/div><hr \/><div class=\"name_directory_name_box\"><a name=\"namedirectory_barrister\"><\/a><strong>barrister<\/strong><br \/><div>avocat plaidant (UK)<\/div><\/div><hr \/><div class=\"name_directory_name_box\"><a name=\"namedirectory_battery\"><\/a><strong>battery<\/strong><br \/><div>agression physique<\/div><\/div><hr \/><div class=\"name_directory_name_box\"><a name=\"namedirectory_bench\"><\/a><strong>bench<\/strong><br \/><div>banc, juge<\/div><\/div><hr \/><div class=\"name_directory_name_box\"><a name=\"namedirectory_blackmail\"><\/a><strong>blackmail<\/strong><br \/><div>chantage<\/div><\/div><hr \/><div class=\"name_directory_name_box\"><a name=\"namedirectory_bribery\"><\/a><strong>bribery<\/strong><br \/><div>corruption<\/div><\/div><hr \/><div class=\"name_directory_name_box\"><a name=\"namedirectory_brief\"><\/a><strong>brief<\/strong><br \/><div>dossier, affaire, m\u00e9moire<\/div><\/div><hr \/><div class=\"name_directory_name_box\"><a name=\"namedirectory_burdenofproof\"><\/a><strong>burden of proof<\/strong><br \/><div>charge de la preuve<\/div><\/div><hr \/><div class=\"name_directory_name_box\"><a name=\"namedirectory_burglary\"><\/a><strong>burglary<\/strong><br \/><div>cambriolage<\/div><\/div><hr \/><div class=\"name_directory_name_box\"><a name=\"namedirectory_case\"><\/a><strong>case<\/strong><br \/><div>affaire<\/div><\/div><hr \/><div class=\"name_directory_name_box\"><a name=\"namedirectory_case-law\"><\/a><strong>case-law<\/strong><br \/><div>jurisprudence<\/div><\/div><hr \/><div class=\"name_directory_name_box\"><a name=\"namedirectory_claim\"><\/a><strong>claim<\/strong><br \/><div>demande<\/div><\/div><hr \/><div class=\"name_directory_name_box\"><a name=\"namedirectory_claimant\"><\/a><strong>claimant<\/strong><br \/><div>demandeur<\/div><\/div><hr \/><div class=\"name_directory_name_box\"><a name=\"namedirectory_clerk\"><\/a><strong>clerk<\/strong><br \/><div>greffier<\/div><\/div><hr \/><div class=\"name_directory_name_box\"><a name=\"namedirectory_clue\"><\/a><strong>clue<\/strong><br \/><div>indice<\/div><\/div><hr \/><div class=\"name_directory_name_box\"><a name=\"namedirectory_complaint\"><\/a><strong>complaint<\/strong><br \/><div>plainte<\/div><\/div><hr \/><div class=\"name_directory_name_box\"><a name=\"namedirectory_concurringopinion\"><\/a><strong>concurring opinion<\/strong><br \/><div>opinion de juges si\u00e9geant dans une affaire qui soutiennent la d\u00e9cision rendue par la majorit\u00e9 des juges de la composition mais qui ont un avis divergent sur le raisonnement juridique, les motifs de la d\u00e9cision<\/div><\/div><hr \/><div class=\"name_directory_name_box\"><a name=\"namedirectory_confess\"><\/a><strong>confess<\/strong><br \/><div>avouer<\/div><\/div><hr \/><div class=\"name_directory_name_box\"><a name=\"namedirectory_contemptofcourt\"><\/a><strong>contempt of court<\/strong><br \/><div>outrage \u00e0 la cour<\/div><\/div><hr \/><div class=\"name_directory_name_box\"><a name=\"namedirectory_convictto\"><\/a><strong>convict (to)<\/strong><br \/><div>d\u00e9clarer coupable<\/div><\/div><hr \/><div class=\"name_directory_name_box\"><a name=\"namedirectory_court\"><\/a><strong>court<\/strong><br \/><div>juridiction<\/div><\/div><hr \/><div class=\"name_directory_name_box\"><a name=\"namedirectory_courtroom\"><\/a><strong>courtroom<\/strong><br \/><div>salle d'audience<\/div><\/div><hr \/><div class=\"name_directory_name_box\"><a name=\"namedirectory_cross-examination\"><\/a><strong>cross-examination<\/strong><br \/><div>contre-interrogatoire<\/div><\/div><hr \/><div class=\"name_directory_name_box\"><a name=\"namedirectory_custody\"><\/a><strong>custody<\/strong><br \/><div>garde \u00e0 vue<\/div><\/div><hr \/><div class=\"name_directory_name_box\"><a name=\"namedirectory_damages\"><\/a><strong>damages<\/strong><br \/><div>dommages et int\u00e9r\u00eats<\/div><\/div><hr \/><div class=\"name_directory_name_box\"><a name=\"namedirectory_deliberate\"><\/a><strong>deliberate<\/strong><br \/><div>d\u00e9lib\u00e9r\u00e9<\/div><\/div><hr \/><div class=\"name_directory_name_box\"><a name=\"namedirectory_detainee\"><\/a><strong>detainee<\/strong><br \/><div>d\u00e9tenu<\/div><\/div><hr \/><div class=\"name_directory_name_box\"><a name=\"namedirectory_dismissal\"><\/a><strong>dismissal<\/strong><br \/><div>licenciement<\/div><\/div><hr \/><div class=\"name_directory_name_box\"><a name=\"namedirectory_dissentingopinion\"><\/a><strong>dissenting opinion<\/strong><br \/><div>opinion des juges si\u00e9geant dans une affaire qui critiquent la d\u00e9cision rendue par la majorit\u00e9 des juges de la composition <\/div><\/div><hr \/><div class=\"name_directory_name_box\"><a name=\"namedirectory_domesticviolence\"><\/a><strong>domestic violence<\/strong><br \/><div>violences conjugales<\/div><\/div><hr \/><div class=\"name_directory_name_box\"><a name=\"namedirectory_drivingundertheinfluenceDUIUS\"><\/a><strong>driving under the influence (DUI) (US)<\/strong><br \/><div>conduite en \u00e9tat alcoolique<\/div><\/div><hr \/><div class=\"name_directory_name_box\"><a name=\"namedirectory_drugdealing\"><\/a><strong>drug dealing<\/strong><br \/><div>trafic de drogue<\/div><\/div><hr \/><div class=\"name_directory_name_box\"><a name=\"namedirectory_employmentlaw\"><\/a><strong>employment law<\/strong><br \/><div>droit du travail<\/div><\/div><hr \/><div class=\"name_directory_name_box\"><a name=\"namedirectory_enforcement\"><\/a><strong>enforcement<\/strong><br \/><div>ex\u00e9cution<\/div><\/div><hr \/><div class=\"name_directory_name_box\"><a name=\"namedirectory_exhibit\"><\/a><strong>exhibit<\/strong><br \/><div>pi\u00e8ce \u00e0 conviction<\/div><\/div><hr \/><div class=\"name_directory_name_box\"><a name=\"namedirectory_fee\"><\/a><strong>fee<\/strong><br \/><div>honoraires<\/div><\/div><hr \/><div class=\"name_directory_name_box\"><a name=\"namedirectory_fine\"><\/a><strong>fine<\/strong><br \/><div>amende<\/div><\/div><hr \/><div class=\"name_directory_name_box\"><a name=\"namedirectory_fingerprint\"><\/a><strong>fingerprint<\/strong><br \/><div>empreinte<\/div><\/div><hr \/><div class=\"name_directory_name_box\"><a name=\"namedirectory_firstinstance\"><\/a><strong>first instance<\/strong><br \/><div>premi\u00e8re instance<\/div><\/div><hr \/><div class=\"name_directory_name_box\"><a name=\"namedirectory_fixed-termcontract\"><\/a><strong>fixed-term contract<\/strong><br \/><div>contrat \u00e0 dur\u00e9e d\u00e9termin\u00e9e<\/div><\/div><hr \/><div class=\"name_directory_name_box\"><a name=\"namedirectory_guilty\"><\/a><strong>guilty<\/strong><br \/><div>coupable<\/div><\/div><hr \/><div class=\"name_directory_name_box\"><a name=\"namedirectory_harassment\"><\/a><strong>harassment<\/strong><br \/><div>harc\u00e8lement<\/div><\/div><hr \/><div class=\"name_directory_name_box\"><a name=\"namedirectory_hearsay\"><\/a><strong>hearsay<\/strong><br \/><div>ou\u00ef-dire<\/div><\/div><hr \/><div class=\"name_directory_name_box\"><a name=\"namedirectory_hungjury\"><\/a><strong>hung jury<\/strong><br \/><div>jury partag\u00e9<\/div><\/div><hr \/><div class=\"name_directory_name_box\"><a name=\"namedirectory_imprisonment\"><\/a><strong>imprisonment<\/strong><br \/><div>emprisonnement<\/div><\/div><hr \/><div class=\"name_directory_name_box\"><a name=\"namedirectory_injury\"><\/a><strong>injury<\/strong><br \/><div>blessure<\/div><\/div><hr \/><div class=\"name_directory_name_box\"><a name=\"namedirectory_investigate\"><\/a><strong>investigate<\/strong><br \/><div>enqu\u00eater<\/div><\/div><hr \/><div class=\"name_directory_name_box\"><a name=\"namedirectory_investigatingjudge\"><\/a><strong>investigating judge<\/strong><br \/><div>juge d'instruction<\/div><\/div><hr \/><div class=\"name_directory_name_box\"><a name=\"namedirectory_investigation\"><\/a><strong>investigation<\/strong><br \/><div>enqu\u00eate<\/div><\/div><hr \/><div class=\"name_directory_name_box\"><a name=\"namedirectory_jail\"><\/a><strong>jail<\/strong><br \/><div>prison<\/div><\/div><hr \/><div class=\"name_directory_name_box\"><a name=\"namedirectory_judge\"><\/a><strong>judge<\/strong><br \/><div>juge<\/div><\/div><hr \/><div class=\"name_directory_name_box\"><a name=\"namedirectory_judicialsupervision\"><\/a><strong>judicial supervision<\/strong><br \/><div>contr\u00f4le judiciaire<\/div><\/div><hr \/><div class=\"name_directory_name_box\"><a name=\"namedirectory_juror\"><\/a><strong>juror<\/strong><br \/><div>jur\u00e9<\/div><\/div><hr \/><div class=\"name_directory_name_box\"><a name=\"namedirectory_jury\"><\/a><strong>jury<\/strong><br \/><div>jur\u00e9s<\/div><\/div><hr \/><div class=\"name_directory_name_box\"><a name=\"namedirectory_larceny\"><\/a><strong>larceny<\/strong><br \/><div>vol<\/div><\/div><hr \/><div class=\"name_directory_name_box\"><a name=\"namedirectory_liability\"><\/a><strong>liability<\/strong><br \/><div>responsabilit\u00e9<\/div><\/div><hr \/><div class=\"name_directory_name_box\"><a name=\"namedirectory_loan\"><\/a><strong>loan<\/strong><br \/><div>pr\u00eat<\/div><\/div><hr \/><div class=\"name_directory_name_box\"><a name=\"namedirectory_magistrate\"><\/a><strong>magistrate<\/strong><br \/><div>juge non professionnel<\/div><\/div><hr \/><div class=\"name_directory_name_box\"><a name=\"namedirectory_manslaughter\"><\/a><strong>manslaughter<\/strong><br \/><div>homicide<\/div><\/div><hr \/><div class=\"name_directory_name_box\"><a name=\"namedirectory_mercy\"><\/a><strong>mercy<\/strong><br \/><div>cl\u00e9mence<\/div><\/div><hr \/><div class=\"name_directory_name_box\"><a name=\"namedirectory_misconduct\"><\/a><strong>misconduct<\/strong><br \/><div>comportement fautif<\/div><\/div><hr \/><div class=\"name_directory_name_box\"><a name=\"namedirectory_mortgage\"><\/a><strong>mortgage<\/strong><br \/><div>hypoth\u00e8que<\/div><\/div><hr \/><div class=\"name_directory_name_box\"><a name=\"namedirectory_murder\"><\/a><strong>murder<\/strong><br \/><div>meurtre<\/div><\/div><hr \/><div class=\"name_directory_name_box\"><a name=\"namedirectory_oath\"><\/a><strong>oath<\/strong><br \/><div>serment<\/div><\/div><hr \/><div class=\"name_directory_name_box\"><a name=\"namedirectory_overrule\"><\/a><strong>overrule<\/strong><br \/><div>annuler<\/div><\/div><hr \/><div class=\"name_directory_name_box\"><a name=\"namedirectory_patent\"><\/a><strong>patent<\/strong><br \/><div>brevet<\/div><\/div><hr \/><div class=\"name_directory_name_box\"><a name=\"namedirectory_perquisition\"><\/a><strong>perquisition<\/strong><br \/><div>search<\/div><\/div><hr \/><div class=\"name_directory_name_box\"><a name=\"namedirectory_pleadguilty\"><\/a><strong>plead guilty<\/strong><br \/><div>plaider coupable<\/div><\/div><hr \/><div class=\"name_directory_name_box\"><a name=\"namedirectory_pleading\"><\/a><strong>pleading<\/strong><br \/><div>plaidoirie<\/div><\/div><hr \/><div class=\"name_directory_name_box\"><a name=\"namedirectory_preliminaryhearing\"><\/a><strong>preliminary hearing<\/strong><br \/><div>audience pr\u00e9liminaire<\/div><\/div><hr \/><div class=\"name_directory_name_box\"><a name=\"namedirectory_prosecution\"><\/a><strong>prosecution<\/strong><br \/><div>minist\u00e8re public<\/div><\/div><hr \/><div class=\"name_directory_name_box\"><a name=\"namedirectory_rape\"><\/a><strong>rape<\/strong><br \/><div>viol<\/div><\/div><hr \/><div class=\"name_directory_name_box\"><a name=\"namedirectory_rapist\"><\/a><strong>rapist<\/strong><br \/><div>violeur<\/div><\/div><hr \/><div class=\"name_directory_name_box\"><a name=\"namedirectory_reprieve\"><\/a><strong>reprieve<\/strong><br \/><div>sursis<\/div><\/div><hr \/><div class=\"name_directory_name_box\"><a name=\"namedirectory_resign\"><\/a><strong>resign<\/strong><br \/><div>d\u00e9missionner<\/div><\/div><hr \/><div class=\"name_directory_name_box\"><a name=\"namedirectory_resignationletter\"><\/a><strong>resignation letter<\/strong><br \/><div>lettre de d\u00e9mission<\/div><\/div><hr \/><div class=\"name_directory_name_box\"><a name=\"namedirectory_sentence\"><\/a><strong>sentence<\/strong><br \/><div>peine, condamnation<\/div><\/div><hr \/><div class=\"name_directory_name_box\"><a name=\"namedirectory_smuggler\"><\/a><strong>smuggler<\/strong><br \/><div>contrebandier<\/div><\/div><hr \/><div class=\"name_directory_name_box\"><a name=\"namedirectory_subpoena\"><\/a><strong>subpoena<\/strong><br \/><div>citation \u00e0 compara\u00eetre, assignation \u00e0 compara\u00eetre<\/div><\/div><hr \/><div class=\"name_directory_name_box\"><a name=\"namedirectory_sue\"><\/a><strong>sue<\/strong><br \/><div>poursuivre en justice<\/div><\/div><hr \/><div class=\"name_directory_name_box\"><a name=\"namedirectory_suspect\"><\/a><strong>suspect<\/strong><br \/><div>soup\u00e7onner<\/div><\/div><hr \/><div class=\"name_directory_name_box\"><a name=\"namedirectory_testimony\"><\/a><strong>testimony<\/strong><br \/><div>t\u00e9moignage<\/div><\/div><hr \/><div class=\"name_directory_name_box\"><a name=\"namedirectory_theft\"><\/a><strong>theft<\/strong><br \/><div>vol<\/div><\/div><hr \/><div class=\"name_directory_name_box\"><a name=\"namedirectory_thief\"><\/a><strong>thief<\/strong><br \/><div>voleur<\/div><\/div><hr \/><div class=\"name_directory_name_box\"><a name=\"namedirectory_tort\"><\/a><strong>tort<\/strong><br \/><div>d\u00e9lit civil, responsabilit\u00e9 d\u00e9lictuelle<\/div><\/div><hr \/><div class=\"name_directory_name_box\"><a name=\"namedirectory_trial\"><\/a><strong>trial<\/strong><br \/><div>proc\u00e8s<\/div><\/div><hr \/><div class=\"name_directory_name_box\"><a name=\"namedirectory_tribunal\"><\/a><strong>tribunal<\/strong><br \/><div>juridiction sp\u00e9cialis\u00e9e<\/div><\/div><hr \/><div class=\"name_directory_name_box\"><a name=\"namedirectory_tryto\"><\/a><strong>try (to)<\/strong><br \/><div>juger<\/div><\/div><hr \/><div class=\"name_directory_name_box\"><a name=\"namedirectory_void\"><\/a><strong>void<\/strong><br \/><div>nul<\/div><\/div><hr \/><div class=\"name_directory_name_box\"><a name=\"namedirectory_warning\"><\/a><strong>warning<\/strong><br \/><div>avertissement<\/div><\/div><hr \/><div class=\"name_directory_name_box\"><a name=\"namedirectory_warrant\"><\/a><strong>warrant<\/strong><br \/><div>mandat<\/div><\/div><hr \/><div class=\"name_directory_name_box\"><a name=\"namedirectory_witness\"><\/a><strong>witness<\/strong><br \/><div>t\u00e9moin<\/div><\/div><\/div><\/div><style>\r\n        .name_directory_readmore_state ~ .name_directory_readmore_trigger:before {\r\n            content: '... Afficher plus';\r\n        }\r\n       \r\n        .name_directory_readmore_state:checked ~ .name_directory_readmore_trigger:before {\r\n            content: 'Afficher moins';\r\n        }\r\n        <\/style>\n","protected":false},"excerpt":{"rendered":"","protected":false},"author":1,"featured_media":0,"parent":0,"menu_order":0,"comment_status":"closed","ping_status":"closed","template":"","meta":{"_mi_skip_tracking":false,"footnotes":""},"class_list":["post-5832","page","type-page","status-publish","hentry","entry"],"_links":{"self":[{"href":"http:\/\/loiseaumoqueur.com\/index.php?rest_route=\/wp\/v2\/pages\/5832","targetHints":{"allow":["GET"]}}],"collection":[{"href":"http:\/\/loiseaumoqueur.com\/index.php?rest_route=\/wp\/v2\/pages"}],"about":[{"href":"http:\/\/loiseaumoqueur.com\/index.php?rest_route=\/wp\/v2\/types\/page"}],"author":[{"embeddable":true,"href":"http:\/\/loiseaumoqueur.com\/index.php?rest_route=\/wp\/v2\/users\/1"}],"replies":[{"embeddable":true,"href":"http:\/\/loiseaumoqueur.com\/index.php?rest_route=%2Fwp%2Fv2%2Fcomments&post=5832"}],"version-history":[{"count":3,"href":"http:\/\/loiseaumoqueur.com\/index.php?rest_route=\/wp\/v2\/pages\/5832\/revisions"}],"predecessor-version":[{"id":5835,"href":"http:\/\/loiseaumoqueur.com\/index.php?rest_route=\/wp\/v2\/pages\/5832\/revisions\/5835"}],"wp:attachment":[{"href":"http:\/\/loiseaumoqueur.com\/index.php?rest_route=%2Fwp%2Fv2%2Fmedia&parent=5832"}],"curies":[{"name":"wp","href":"https:\/\/api.w.org\/{rel}","templated":true}]}}