{"id":5827,"date":"2019-01-05T21:51:48","date_gmt":"2019-01-05T20:51:48","guid":{"rendered":"http:\/\/loiseaumoqueur.com\/?page_id=5827"},"modified":"2019-01-05T21:51:48","modified_gmt":"2019-01-05T20:51:48","slug":"mentions-legales","status":"publish","type":"page","link":"http:\/\/loiseaumoqueur.com\/?page_id=5827","title":{"rendered":"Mentions l\u00e9gales"},"content":{"rendered":"<p><a href=\"http:\/\/loiseaumoqueur.com\/wp-content\/uploads\/2019\/01\/Icone_CC.png\"><img loading=\"lazy\" decoding=\"async\" class=\"wp-image-5826 aligncenter\" src=\"http:\/\/loiseaumoqueur.com\/wp-content\/uploads\/2019\/01\/Icone_CC.png\" alt=\"\" width=\"202\" height=\"71\" \/><\/a><\/p>\n<p>Tous les textes, tableaux sont sous licence \u00ab\u00a0Creative Commons\u00a0\u00bb.\u00a0Ils peuvent \u00eatre partag\u00e9s, adapt\u00e9s sous les conditions suivantes\u00a0:<\/p>\n<p><strong>Attribution<\/strong>\u00a0\u2014\u00a0Vous devez\u00a0attribuer l&rsquo;oeuvre (mention du site), int\u00e9grer un lien vers la licence et\u00a0indiquer\u00a0si des modifications ont \u00e9t\u00e9 effectu\u00e9es \u00e0 l&rsquo;oeuvre. Vous devez indiquer ces informations par tous les moyens raisonnables, sans toutefois sugg\u00e9rer que l&rsquo;offrant vous soutient ou soutient la fa\u00e7on dont vous avez utilis\u00e9 son oeuvre.<span id=\"by-more-container\"><\/span><\/p>\n<p><strong>Pas d\u2019Utilisation Commerciale<\/strong>\u00a0\u2014 Vous n&rsquo;\u00eates pas autoris\u00e9 \u00e0 faire un usage commercial de l&rsquo;oeuvre, tout ou partie du mat\u00e9riel la composant.<span id=\"nc-more-container\"><\/span><\/p>\n<p><strong>Partage dans les M\u00eames Conditions<\/strong>\u00a0\u2014 Dans le cas o\u00f9 vous effectuez un remix, que vous transformez, ou cr\u00e9ez \u00e0 partir du mat\u00e9riel composant l&rsquo;oeuvre originale, vous devez diffuser l&rsquo;oeuvre modifi\u00e9e dans les m\u00eame conditions, c&rsquo;est \u00e0 dire avec\u00a0la m\u00eame licence\u00a0avec laquelle l&rsquo;oeuvre originale a \u00e9t\u00e9 diffus\u00e9e.<\/p>\n","protected":false},"excerpt":{"rendered":"<p>Tous les textes, tableaux sont sous licence \u00ab\u00a0Creative Commons\u00a0\u00bb.\u00a0Ils peuvent \u00eatre partag\u00e9s, adapt\u00e9s sous les conditions suivantes\u00a0: Attribution\u00a0\u2014\u00a0Vous devez\u00a0attribuer l&rsquo;oeuvre (mention du site), int\u00e9grer un lien vers la licence et\u00a0indiquer\u00a0si des modifications ont \u00e9t\u00e9 effectu\u00e9es&#8230;<\/p>\n<div class=\"more-link-wrapper\"><a class=\"more-link\" href=\"http:\/\/loiseaumoqueur.com\/?page_id=5827\">Lire la suite<span class=\"screen-reader-text\">Mentions l\u00e9gales<\/span><\/a><\/div>\n","protected":false},"author":1,"featured_media":0,"parent":0,"menu_order":0,"comment_status":"closed","ping_status":"closed","template":"","meta":{"_mi_skip_tracking":false,"footnotes":""},"class_list":["post-5827","page","type-page","status-publish","hentry","entry"],"_links":{"self":[{"href":"http:\/\/loiseaumoqueur.com\/index.php?rest_route=\/wp\/v2\/pages\/5827","targetHints":{"allow":["GET"]}}],"collection":[{"href":"http:\/\/loiseaumoqueur.com\/index.php?rest_route=\/wp\/v2\/pages"}],"about":[{"href":"http:\/\/loiseaumoqueur.com\/index.php?rest_route=\/wp\/v2\/types\/page"}],"author":[{"embeddable":true,"href":"http:\/\/loiseaumoqueur.com\/index.php?rest_route=\/wp\/v2\/users\/1"}],"replies":[{"embeddable":true,"href":"http:\/\/loiseaumoqueur.com\/index.php?rest_route=%2Fwp%2Fv2%2Fcomments&post=5827"}],"version-history":[{"count":1,"href":"http:\/\/loiseaumoqueur.com\/index.php?rest_route=\/wp\/v2\/pages\/5827\/revisions"}],"predecessor-version":[{"id":5828,"href":"http:\/\/loiseaumoqueur.com\/index.php?rest_route=\/wp\/v2\/pages\/5827\/revisions\/5828"}],"wp:attachment":[{"href":"http:\/\/loiseaumoqueur.com\/index.php?rest_route=%2Fwp%2Fv2%2Fmedia&parent=5827"}],"curies":[{"name":"wp","href":"https:\/\/api.w.org\/{rel}","templated":true}]}}