{"id":12,"date":"2015-10-11T20:34:45","date_gmt":"2015-10-11T19:34:45","guid":{"rendered":"http:\/\/loiseaumoqueur.com\/?page_id=12"},"modified":"2020-10-22T22:07:36","modified_gmt":"2020-10-22T21:07:36","slug":"accueil","status":"publish","type":"page","link":"http:\/\/loiseaumoqueur.com\/?page_id=12","title":{"rendered":"A propos"},"content":{"rendered":"<p>Ce blog est consacr\u00e9 \u00e0 tout ce qui touche de pr\u00e8s ou de loin \u00e0 la justice anglaise ou am\u00e9ricaine: histoire, actualit\u00e9, livres, s\u00e9ries, films&#8230;<\/p>\n<p>Vos remarques, propositions ou corrections sont les bienvenues.<\/p>\n<p>&nbsp;<\/p>\n","protected":false},"excerpt":{"rendered":"<p>Ce blog est consacr\u00e9 \u00e0 tout ce qui touche de pr\u00e8s ou de loin \u00e0 la justice anglaise ou am\u00e9ricaine: histoire, actualit\u00e9, livres, s\u00e9ries, films&#8230; Vos remarques, propositions ou corrections sont les bienvenues. &nbsp;<\/p>\n","protected":false},"author":1,"featured_media":0,"parent":0,"menu_order":0,"comment_status":"closed","ping_status":"closed","template":"","meta":{"_mi_skip_tracking":false,"footnotes":""},"class_list":["post-12","page","type-page","status-publish","hentry","entry"],"_links":{"self":[{"href":"http:\/\/loiseaumoqueur.com\/index.php?rest_route=\/wp\/v2\/pages\/12","targetHints":{"allow":["GET"]}}],"collection":[{"href":"http:\/\/loiseaumoqueur.com\/index.php?rest_route=\/wp\/v2\/pages"}],"about":[{"href":"http:\/\/loiseaumoqueur.com\/index.php?rest_route=\/wp\/v2\/types\/page"}],"author":[{"embeddable":true,"href":"http:\/\/loiseaumoqueur.com\/index.php?rest_route=\/wp\/v2\/users\/1"}],"replies":[{"embeddable":true,"href":"http:\/\/loiseaumoqueur.com\/index.php?rest_route=%2Fwp%2Fv2%2Fcomments&post=12"}],"version-history":[{"count":9,"href":"http:\/\/loiseaumoqueur.com\/index.php?rest_route=\/wp\/v2\/pages\/12\/revisions"}],"predecessor-version":[{"id":6351,"href":"http:\/\/loiseaumoqueur.com\/index.php?rest_route=\/wp\/v2\/pages\/12\/revisions\/6351"}],"wp:attachment":[{"href":"http:\/\/loiseaumoqueur.com\/index.php?rest_route=%2Fwp%2Fv2%2Fmedia&parent=12"}],"curies":[{"name":"wp","href":"https:\/\/api.w.org\/{rel}","templated":true}]}}